{"id":531,"date":"2024-01-22T23:40:46","date_gmt":"2024-01-23T02:40:46","guid":{"rendered":"https:\/\/integracaogestao.com.br\/?page_id=531"},"modified":"2024-01-22T23:46:34","modified_gmt":"2024-01-23T02:46:34","slug":"politica-de-privacidade","status":"publish","type":"page","link":"https:\/\/integracaogestao.com.br\/index.php\/politica-de-privacidade\/","title":{"rendered":"Pol\u00edtica de Privacidade"},"content":{"rendered":"\t\t<div data-elementor-type=\"wp-page\" data-elementor-id=\"531\" class=\"elementor elementor-531\">\n\t\t\t\t<div class=\"elementor-element elementor-element-9d02eac e-flex e-con-boxed e-con e-parent\" data-id=\"9d02eac\" data-element_type=\"container\" data-e-type=\"container\">\n\t\t\t\t\t<div class=\"e-con-inner\">\n\t\t\t\t<div class=\"elementor-element elementor-element-659d975 elementor-widget elementor-widget-heading\" data-id=\"659d975\" data-element_type=\"widget\" data-e-type=\"widget\" data-widget_type=\"heading.default\">\n\t\t\t\t<div class=\"elementor-widget-container\">\n\t\t\t\t\t<h2 class=\"elementor-heading-title elementor-size-default\">POL\u00cdTICA DE PRIVACIDADE E DE PROTE\u00c7\u00c3O DE DADOS PESSOAIS<\/h2>\t\t\t\t<\/div>\n\t\t\t\t<\/div>\n\t\t\t\t<div class=\"elementor-element elementor-element-482dd4a elementor-widget elementor-widget-text-editor\" data-id=\"482dd4a\" data-element_type=\"widget\" data-e-type=\"widget\" data-widget_type=\"text-editor.default\">\n\t\t\t\t<div class=\"elementor-widget-container\">\n\t\t\t\t\t\t\t\t\t<p>Vers\u00e3o 01\/2023 \u2013 \u00faltima atualiza\u00e7\u00e3o 26\/06\/2023.<\/p>\n<p>Temos uma pol\u00edtica de privacidade e prote\u00e7\u00e3o de dados pessoais pautada na transpar\u00eancia. A seguir, descrevemos como tratamos os dados pessoais a n\u00f3s confiados por clientes, parceiros, fornecedores e demais pessoas f\u00edsicas ou jur\u00eddicas que se relacionam conosco.<\/p>\n<p>A&nbsp;<strong>INTEGRA\u00c7\u00c3O CONTABILIDADE LTDA<\/strong> \u00e9 uma empresa do segmento cont\u00e1bil, inscrita no CNPJ n\u00ba 05.389.471\/0001-57, na condi\u00e7\u00e3o de <strong>CONTROLADORA<\/strong> de dados pessoais, torna p\u00fablica sua <strong>Pol\u00edtica de Privacidade e de Prote\u00e7\u00e3o de Dados Pessoais<\/strong>.<\/p>\n<p>Como condi\u00e7\u00e3o para utiliza\u00e7\u00e3o dos servi\u00e7os, voc\u00ea declara que fez a leitura completa e atenta desta pol\u00edtica, estando plenamente ciente de sua integralidade e conferindo, assim, sua livre e expressa concord\u00e2ncia com os termos aqui estipulados, incluindo a coleta dos dados aqui mencionados, bem como, sua utiliza\u00e7\u00e3o para os fins abaixo especificados.<\/p>\n<p><strong>Quais dados coletamos?<\/strong><\/p>\n<p>Ao se relacionar com a&nbsp;<strong>INTEGRA\u00c7\u00c3O CONTABILIDADE LTDA<\/strong>&nbsp;coletamos dados pessoais como nome completo, e-mail e telefone de contato.<\/p>\n<p><strong>Como coletamos os seus dados?<\/strong><\/p>\n<p>Os dados s\u00e3o coletados mediante permiss\u00e3o do titular e por meio do preenchimento do formul\u00e1rio mantido em nosso site.<\/p>\n<p><strong>Qual a finalidade da coleta de dados?<\/strong><\/p>\n<p>Os dados coletados, no preenchimento do formul\u00e1rio mantido em nosso site, ser\u00e3o utilizados para comunica\u00e7\u00e3o com o titular dos dados e oferecimento dos produtos ofertados pela&nbsp;<strong>INTEGRA\u00c7\u00c3O CONTABILIDADE LTDA<em>.<\/em><\/strong><\/p>\n<p>Coletamos dados para que tenhamos condi\u00e7\u00f5es de nos relacionar com clientes, fornecedores, parceiros e outras pessoas f\u00edsicas e jur\u00eddicas que possuam interesse em manter rela\u00e7\u00f5es comerciais conosco.<\/p>\n<p><strong>Consentimento do titular dos dados<\/strong><\/p>\n<p>Ao preencher o formul\u00e1rio em nosso site, antes de enviar os dados, solicitamos seu consentimento e informamos para quais finalidades seus dados ser\u00e3o tratados, conforme especificado acima. O consentimento \u00e9 livre, consistindo em condi\u00e7\u00e3o para o envio do formul\u00e1rio para&nbsp;<strong>INTEGRA\u00c7\u00c3O CONTABILIDADE LTDA.<em>&nbsp;<\/em><\/strong>&nbsp;Dessa maneira, em conson\u00e2ncia com a Lei Geral de Prote\u00e7\u00e3o de Dados, os dados s\u00f3 ser\u00e3o coletados e tratados mediante pr\u00e9vio e expresso consentimento.<\/p>\n<p>A&nbsp;<strong>INTEGRA\u00c7\u00c3O CONTABILIDADE LTDA<\/strong> somente ir\u00e1 tratar os dados pessoais para a finalidade espec\u00edfica informada, dentro do compromisso de transpar\u00eancia e boa-f\u00e9 que mant\u00e9m ao proteger a privacidade e seguran\u00e7a de informa\u00e7\u00f5es pessoais.<\/p>\n<p>No ato do fornecimento dos dados, voc\u00ea ter\u00e1 acesso a esta&nbsp;<strong>Pol\u00edtica de Privacidade e de Tratamento de Dados Pessoais.<\/strong>&nbsp;Antes de fornecer seu consentimento, voc\u00ea \u2013 como titular dos dados \u2013 ter\u00e1 acesso a seus direitos, e, a como exerc\u00ea-los.<\/p>\n<p>A qualquer momento e sem nenhum custo, voc\u00ea poder\u00e1 revogar o consentimento para tratamento de dados pessoais, exceto para os casos previstos em lei (em especial no Artigo 7\u00ba, da Lei 13.709\/2018 \u2013 LGPD).<\/p>\n<p>O pedido de revoga\u00e7\u00e3o poder\u00e1 ser realizado mediante solicita\u00e7\u00e3o:<\/p>\n<ol>\n<li>em nosso site, mediante o preenchimento de formul\u00e1rio e envio \u00e0 <strong>INTEGRA\u00c7\u00c3O CONTABILIDADE LTDA<\/strong>, ou;<\/li>\n<li>por meio do envio de e-mail diretamente ao nosso (a) DPO,&nbsp;Simone M. Cantu<strong> \u2013 &nbsp;<\/strong><a href=\"mailto:dpo@integracaogestao.com.br\">dpo@integracaogestao.com.br<\/a><br><br><\/li>\n<\/ol>\n<p>A&nbsp;<strong>INTEGRA\u00c7\u00c3O CONTABILIDADE LTDA<\/strong> poder\u00e1 realizar intera\u00e7\u00f5es via e-mail, ocasi\u00e3o em que voc\u00ea tamb\u00e9m poder\u00e1 solicitar a revoga\u00e7\u00e3o do consentimento ou a exclus\u00e3o de seu e-mail do nosso banco de dados, respondendo o e-mail enviado.<\/p>\n<p><strong>Quais s\u00e3o os seus direitos?<\/strong><\/p>\n<p>Considerando o consentimento fornecido para o tratamento dos dados pessoais, na condi\u00e7\u00e3o de <strong>CONTROLADORA<\/strong> de dados e nos termos da Lei, ser\u00e1 garantido ao titular de dados pessoais:<\/p>\n<ol>\n<li>a confirma\u00e7\u00e3o da exist\u00eancia de tratamento;<br><br><\/li>\n<li>o acesso aos dados;<br><br><\/li>\n<li>a corre\u00e7\u00e3o de dados incompletos, inexatos ou desatualizados;<\/li>\n<li>a anonimiza\u00e7\u00e3o, bloqueio ou elimina\u00e7\u00e3o de dados desnecess\u00e1rios, excessivos ou tratados em desconformidade com o disposto na LGPD;<br><br><\/li>\n<li>a portabilidade dos dados a outro fornecedor de servi\u00e7o ou produto, mediante requisi\u00e7\u00e3o expressa, de acordo com a regulamenta\u00e7\u00e3o da autoridade nacional, observados os segredos comercial e industrial;<br><br><\/li>\n<li>elimina\u00e7\u00e3o dos dados pessoais tratados com o consentimento do titular;<br><br><\/li>\n<li>informa\u00e7\u00e3o das entidades p\u00fablicas e privadas com as quais o controlador realizou uso compartilhado de dados;<br><br><\/li>\n<li>informa\u00e7\u00e3o sobre a possibilidade de n\u00e3o fornecer consentimento e sobre as consequ\u00eancias da negativa;&nbsp;<br><br><\/li>\n<li>revoga\u00e7\u00e3o do consentimento dado.<br><br><\/li>\n<\/ol>\n<p><strong>Como voc\u00ea pode exercer seus direitos de titular?<\/strong><\/p>\n<p>Para exercer seus direitos de titular, voc\u00ea deve entrar em contato conosco, por meio do (a) nosso (a)&nbsp;<strong>DPO \u2013 Data Protection Officer<\/strong>,&nbsp;<strong>Simone M. Cantu,<\/strong>&nbsp;pelo e-mail&nbsp;<strong>&nbsp;<\/strong><a href=\"mailto:dpo@integracaogestao.com.br\">dpo@integracaogestao.com.br<\/a><\/p>\n<p>Visando garantir a seguran\u00e7a e a correta identifica\u00e7\u00e3o do solicitante, adotaremos medidas confirmat\u00f3rias antes de tratar qualquer tipo de dado pessoal.<\/p>\n<p><strong>Como e por quanto tempo seus dados ser\u00e3o armazenados?<\/strong><\/p>\n<p>Os dados pessoais que coletamos ser\u00e3o utilizados e armazenados durante o tempo necess\u00e1rio para realiza\u00e7\u00e3o das finalidades descritas nesta pol\u00edtica ou no formul\u00e1rio de coleta preenchido pelo titular dos dados, contemplando os direitos dos titulares dos dados e dos controladores.<\/p>\n<p>Se a coleta de dados resultar em acordo comercial, os termos deste acordo determinar\u00e3o o tempo de armazenamento dos seus dados pessoais. No sil\u00eancio deste, seus dados pessoais ser\u00e3o exclu\u00eddos de nossas bases ou ser\u00e3o anonimizados, observadas as exce\u00e7\u00f5es legais:<\/p>\n<ol>\n<li>cumprimento de obriga\u00e7\u00e3o legal ou regulat\u00f3ria pelo controlador;<br><br><\/li>\n<li>estudo por \u00f3rg\u00e3o de pesquisa, garantida, sempre que poss\u00edvel, a anonimiza\u00e7\u00e3o dos dados pessoais;<br><br><\/li>\n<li>transfer\u00eancia a terceiro, desde que respeitados os requisitos de tratamento de dados dispostos na LGPD;&nbsp;<br><br><\/li>\n<li>uso exclusivo do controlador, vedado seu acesso por terceiro, e desde que anonimizados os dados.<br><br><\/li>\n<\/ol>\n<p>O armazenamento de dados pessoais por n\u00f3s coletados \u00e9 realizado com seguran\u00e7a e privacidade, atrav\u00e9s de medidas e solu\u00e7\u00f5es t\u00e9cnicas de prote\u00e7\u00e3o a garantir a confidencialidade, integridade e inviolabilidade dos seus dados pessoais. Nesse sentido, adotamos medidas para mitigar os riscos, com controle de acesso aos dados por n\u00f3s armazenados.<\/p>\n<p><strong>O que fazemos para manter seus dados seguros?<\/strong><\/p>\n<p>Adotamos r\u00edgidos crit\u00e9rios para mantermos seus dados pessoais seguros, atrav\u00e9s de controles f\u00edsicos e eletr\u00f4nicos, os quais listamos a seguir:<\/p>\n<ol>\n<li>somente pessoas por n\u00f3s autorizadas t\u00eam acesso a seus dados pessoais;<br><br><\/li>\n<li>dados armazenados em meio f\u00edsico, papel ou outro ficar\u00e3o em nossos arquivos, cujo acesso somente \u00e9 autorizado para as finalidades previstas na legisla\u00e7\u00e3o ou no termo de consentimento do titular dos dados;<br><br><\/li>\n<li>os dados armazenados em meio digital estar\u00e3o protegidos por senhas de acesso, somente liberadas de forma individual e personalizada, e, ap\u00f3s o compromisso de confidencialidade do usu\u00e1rio.<br><br><\/li>\n<\/ol>\n<p>Embora tenhamos o compromisso firme de prote\u00e7\u00e3o dos dados pessoais, com a ado\u00e7\u00e3o das melhores pr\u00e1ticas a nossa disposi\u00e7\u00e3o, \u00e9 importante salientar que nenhum ambiente f\u00edsico ou virtual pode ser considerado inteiramente seguro e livre de riscos.<\/p>\n<p>Nesse sentido, apesar de todo nosso esfor\u00e7o e compromisso com a seguran\u00e7a e prote\u00e7\u00e3o dos dados pessoais, poder\u00e3o ocorrer ataques cibern\u00e9ticos de&nbsp;<em>hackers<\/em>, ou tamb\u00e9m em decorr\u00eancia da neglig\u00eancia ou imprud\u00eancia do pr\u00f3prio usu\u00e1rio. Nessas situa\u00e7\u00f5es, comunicaremos, assim que tomarmos ci\u00eancia do ocorrido, aos afetados e a Autoridade Nacional de Prote\u00e7\u00e3o de Dados em conson\u00e2ncia com as disposi\u00e7\u00f5es da Lei Geral de Prote\u00e7\u00e3o de Dados.<\/p>\n<p><strong>Com quem seus dados podem ser compartilhados?<\/strong><\/p>\n<p>Os dados por n\u00f3s coletados n\u00e3o s\u00e3o compartilhados com terceiros, exceto se autorizado pelo titular dos dados ou por determina\u00e7\u00e3o legal ou ordem judicial, com autoridades judiciais, administrativas ou governamentais competentes.<\/p>\n<p><strong>Transfer\u00eancia internacional de dados<\/strong><\/p>\n<p>Quando seus dados pessoais forem por n\u00f3s transferidos ou compartilhados com terceiros localizados, ou que possuam instala\u00e7\u00f5es localizadas em pa\u00edses estrangeiros, estar\u00e3o sujeitos \u00e0 Lei Geral de Prote\u00e7\u00e3o de Dados e \u00e0s demais legisla\u00e7\u00f5es brasileiras de prote\u00e7\u00e3o de dados. Assim, nos comprometemos a adotar padr\u00f5es de seguran\u00e7a cibern\u00e9tica e de prote\u00e7\u00e3o de dados, nos melhores esfor\u00e7os de garantir e cumprir as exig\u00eancias legislativas.<\/p>\n<p>Ao concordar com esta&nbsp;<strong>Pol\u00edtica de Privacidade e Prote\u00e7\u00e3o de Dados Pessoais<\/strong>, voc\u00ea concorda com esse compartilhamento, que se dar\u00e1 conforme as finalidades descritas no presente termo.<\/p>\n<p><strong><em>Cookies<\/em><\/strong><strong> ou dados de navega\u00e7\u00e3o<\/strong><\/p>\n<p>Quando fazemos uso de <em>Cookies<\/em>, que s\u00e3o arquivos de texto enviados pela plataforma ao seu computador a conter informa\u00e7\u00f5es relacionadas \u00e0 navega\u00e7\u00e3o do site, visamos aprimorar a experi\u00eancia de uso. Logo, quando voc\u00ea consentir com o uso de <em>Cookies<\/em>, voc\u00ea manifesta conhecer e aceitar a utiliza\u00e7\u00e3o de um sistema de coleta de dados de navega\u00e7\u00e3o.<\/p>\n<p>Sempre que navegar pela nossa p\u00e1gina na internet,<em>&nbsp;<\/em>a qualquer tempo, e, sem nenhum custo, pode alterar as permiss\u00f5es, bloquear ou recusar os <em>Cookies<\/em>. A revoga\u00e7\u00e3o do consentimento, por\u00e9m, pode inviabilizar o funcionamento correto de alguns recursos que mantemos em nosso site.<\/p>\n<p>Os <em>cookies<\/em> podem ser gerenciados atrav\u00e9s do seu navegador.<\/p>\n<p><strong>Altera\u00e7\u00e3o desta Pol\u00edtica de Privacidade<\/strong><\/p>\n<p>Nossa&nbsp;<strong>Pol\u00edtica de Privacidade e de Prote\u00e7\u00e3o de Dados Pessoais<\/strong>&nbsp;pode ser regularmente atualizada e adaptada \u00e0s exig\u00eancias legais ou para a melhoria de nossos servi\u00e7os. Sempre que realizarmos uma revis\u00e3o ou atualiza\u00e7\u00e3o, voc\u00ea facilmente poder\u00e1 identific\u00e1-la, pois no pre\u00e2mbulo do termo destacaremos a vers\u00e3o e a data da \u00faltima atualiza\u00e7\u00e3o. Por isso, recomendamos que voc\u00ea a revise com frequ\u00eancia.<\/p>\n<p>As altera\u00e7\u00f5es em nossa pol\u00edtica de privacidade ou de prote\u00e7\u00e3o de dados pessoais entrar\u00e3o em vigor a partir da publica\u00e7\u00e3o em nosso site. Desta forma, ao usar nossos servi\u00e7os e\/ou fornecer seus dados pessoais ap\u00f3s tais modifica\u00e7\u00f5es, voc\u00ea com elas consente.<\/p>\n<p><strong>Responsabilidade e isen\u00e7\u00e3o de responsabilidade<\/strong><\/p>\n<p>A&nbsp;<strong>INTEGRA\u00c7\u00c3O CONTABILIDADE LTDA <\/strong>prev\u00ea a responsabilidade dos agentes que atuam nos processos de tratamento de dados, em conformidade com os artigos 42 ao 45 da Lei Geral de Prote\u00e7\u00e3o de Dados.<\/p>\n<p>Temos como compromisso com os titulares pelos dados pessoais a n\u00f3s confiados o zelo de tornar nossa&nbsp;<strong>Pol\u00edtica de Privacidade e de Prote\u00e7\u00e3o de Dados Pessoais<\/strong>&nbsp;um h\u00e1bito, para que assim possamos cumpri-la da maneira mais respeitosa e efetiva.<\/p>\n<p>Mesmo com todo nosso compromisso e empenho na prote\u00e7\u00e3o dos dados pessoais a n\u00f3s confiados e com a implementa\u00e7\u00e3o de elevados padr\u00f5es de seguran\u00e7a, a fim de evitar incidentes, conforme j\u00e1 descrevemos anteriormente, entendemos que n\u00e3o estamos inteiramente livre de riscos. Assim, n\u00e3o nos responsabilizamos por:<\/p>\n<ol>\n<li>consequ\u00eancias advindas da neglig\u00eancia, imprud\u00eancia ou imper\u00edcia dos usu\u00e1rios em rela\u00e7\u00e3o a seus dados individuais;<br><br><\/li>\n<li>a\u00e7\u00f5es maliciosas de terceiros, ataques de&nbsp;<em>hackers<\/em>, exceto se comprovada conduta culposa ou deliberada que possa ser imputada a&nbsp;<strong>INTEGRA\u00c7\u00c3O CONTABILIDADE LTDA;<br><br><\/strong><\/li>\n<li>inveracidade dos dados inseridos em nossos formul\u00e1rios de coletas de dados pessoais, n\u00e3o nos responsabilizando por informa\u00e7\u00f5es ou dados falsos ou inseridos de m\u00e1-f\u00e9, os quais s\u00e3o de inteira responsabilidade de quem fez a inser\u00e7\u00e3o.<br><br><\/li>\n<\/ol>\n<p><strong>DPO \u2013 Data Protection Officer \u2013 Encarregado de Prote\u00e7\u00e3o de Dados<\/strong><\/p>\n<p>A seguir disponibilizamos o nome e o contato da nossa Encarregada de Prote\u00e7\u00e3o de Dados, para que voc\u00ea possa exercer seus direitos de titular ou para sanar d\u00favidas sobre a nossa&nbsp;<strong>Pol\u00edtica de Privacidade e Prote\u00e7\u00e3o de Dados Pessoais<\/strong>.<\/p>\n<p><strong>Simone M. Cantu \u2013 e-mail&nbsp;<\/strong><strong>&nbsp;<\/strong><a href=\"mailto:dpo@integracaogestao.com.br\">dpo@integracaogestao.com.br<\/a><\/p>\n<p><strong>Legisla\u00e7\u00e3o e foro<\/strong><\/p>\n<p>Esta Pol\u00edtica ser\u00e1 regida, interpretada e executada de acordo com as Leis da Rep\u00fablica Federativa do Brasil, especialmente a Lei n\u00ba 13.709\/2018, independentemente das Leis de outros estados ou Pa\u00edses, sendo competente o foro de domic\u00edlio do Usu\u00e1rio para dirimir qualquer d\u00favida decorrente deste documento.<\/p>\t\t\t\t\t\t\t\t<\/div>\n\t\t\t\t<\/div>\n\t\t\t\t\t<\/div>\n\t\t\t\t<\/div>\n\t\t\t\t<\/div>\n\t\t","protected":false},"excerpt":{"rendered":"<p>POL\u00cdTICA DE PRIVACIDADE E DE PROTE\u00c7\u00c3O DE DADOS PESSOAIS Vers\u00e3o 01\/2023 \u2013 \u00faltima atualiza\u00e7\u00e3o 26\/06\/2023. Temos uma pol\u00edtica de privacidade e prote\u00e7\u00e3o de dados pessoais pautada na transpar\u00eancia. A seguir, descrevemos como tratamos os dados pessoais a n\u00f3s confiados por clientes, parceiros, fornecedores e demais pessoas f\u00edsicas ou jur\u00eddicas que se relacionam conosco. A&nbsp;INTEGRA\u00c7\u00c3O CONTABILIDADE [&hellip;]<\/p>\n","protected":false},"author":1,"featured_media":0,"parent":0,"menu_order":0,"comment_status":"closed","ping_status":"open","template":"elementor_header_footer","meta":{"_joinchat":[],"footnotes":""},"class_list":["post-531","page","type-page","status-publish","hentry"],"aioseo_notices":[],"_links":{"self":[{"href":"https:\/\/integracaogestao.com.br\/index.php\/wp-json\/wp\/v2\/pages\/531","targetHints":{"allow":["GET"]}}],"collection":[{"href":"https:\/\/integracaogestao.com.br\/index.php\/wp-json\/wp\/v2\/pages"}],"about":[{"href":"https:\/\/integracaogestao.com.br\/index.php\/wp-json\/wp\/v2\/types\/page"}],"author":[{"embeddable":true,"href":"https:\/\/integracaogestao.com.br\/index.php\/wp-json\/wp\/v2\/users\/1"}],"replies":[{"embeddable":true,"href":"https:\/\/integracaogestao.com.br\/index.php\/wp-json\/wp\/v2\/comments?post=531"}],"version-history":[{"count":4,"href":"https:\/\/integracaogestao.com.br\/index.php\/wp-json\/wp\/v2\/pages\/531\/revisions"}],"predecessor-version":[{"id":537,"href":"https:\/\/integracaogestao.com.br\/index.php\/wp-json\/wp\/v2\/pages\/531\/revisions\/537"}],"wp:attachment":[{"href":"https:\/\/integracaogestao.com.br\/index.php\/wp-json\/wp\/v2\/media?parent=531"}],"curies":[{"name":"wp","href":"https:\/\/api.w.org\/{rel}","templated":true}]}}